{"id":6,"date":"2023-10-14T23:42:14","date_gmt":"2023-10-14T21:42:14","guid":{"rendered":"https:\/\/jemerecycle.fr\/?page_id=6"},"modified":"2023-10-15T01:15:35","modified_gmt":"2023-10-14T23:15:35","slug":"accueil","status":"publish","type":"page","link":"https:\/\/jemerecycle.fr\/","title":{"rendered":"Je Me Recycle &#8211; Ecologie positive, green life et bien-\u00eatre"},"content":{"rendered":"\n<h2 class=\"wp-block-heading\">Bienvenue dans ta safe place pour une vie plus consciente<\/h2>\n\n\n\n<p>Et si entre nos mains on avait le plus grand des pouvoirs ? Celui d&#8217;impacter le monde en changeant simplement notre fa\u00e7on de consommer. Avec une consommation plus consciente et raisonn\u00e9e, meilleure pour nous, meilleure pour l&#8217;environnement. <\/p>\n\n\n\n<p>Je m&#8217;appelle Deborah (Debby pour les amis) et depuis 4 ans j&#8217;ai d\u00e9cid\u00e9 de vivre une vie plus en accord avec mes valeurs, en adoptant un lifestyle plus green, imparfait mais toujours conscient. <\/p>\n\n\n\n<hr class=\"wp-block-separator has-alpha-channel-opacity\"\/>\n\n\n\n<h3 class=\"wp-block-heading\">On en parle sur Instagram : rejoins-nous ! <\/h3>\n\n\n<div class=\"wp-block-image\">\n<figure class=\"aligncenter size-large is-resized\"><a href=\"https:\/\/www.instagram.com\/jemerecycle\/\"><img loading=\"lazy\" decoding=\"async\" width=\"1080\" height=\"1350\" src=\"https:\/\/jemerecycle.fr\/wp-content\/uploads\/2023\/10\/4-819x1024.png\" alt=\"\" class=\"wp-image-22\" style=\"aspect-ratio:0.7998046875;width:303px;height:auto\" srcset=\"https:\/\/jemerecycle.fr\/wp-content\/uploads\/2023\/10\/4-819x1024.png 819w, https:\/\/jemerecycle.fr\/wp-content\/uploads\/2023\/10\/4-240x300.png 240w, https:\/\/jemerecycle.fr\/wp-content\/uploads\/2023\/10\/4-768x960.png 768w, https:\/\/jemerecycle.fr\/wp-content\/uploads\/2023\/10\/4-48x60.png 48w, https:\/\/jemerecycle.fr\/wp-content\/uploads\/2023\/10\/4.png 1080w\" sizes=\"auto, (max-width: 1080px) 100vw, 1080px\" \/><\/a><\/figure>\n<\/div>\n\n\n<div class=\"wp-block-columns is-layout-flex wp-container-core-columns-is-layout-9d6595d7 wp-block-columns-is-layout-flex\">\n<div class=\"wp-block-column is-layout-flow wp-block-column-is-layout-flow\">\n<hr class=\"wp-block-separator has-alpha-channel-opacity\"\/>\n\n\n\n<h3 class=\"wp-block-heading\">Mon premier livre : Meuf Green, Le livre qui t&#8217;aide \u00e0 reprendre le pouvoir<\/h3>\n\n\n\n<p>Meuf Green est un livre qui t\u2019invite \u00e0 r\u00e9veiller la consom\u2019actrice qui sommeille en toi, \u00e0 te poser les bonnes questions pour ton avenir et \u00e0 mettre en place des \u00e9cogestes selon tes valeurs, tes envies et tes possibilit\u00e9s. On va comprendre comment consommer mieux, \u00e0 tous les niveaux, et vivre une green life \u00e9panouie et assum\u00e9e.<\/p>\n\n\n\n<p><strong>100% positivit\u00e9 &#8211; 0% culpabilit\u00e9 !<\/strong><\/p>\n\n\n<div class=\"wp-block-image\">\n<figure class=\"aligncenter size-large is-resized\"><a href=\"https:\/\/editions-jouvence.com\/livre\/meuf-green\/\"><img loading=\"lazy\" decoding=\"async\" width=\"819\" height=\"1024\" src=\"https:\/\/jemerecycle.fr\/wp-content\/uploads\/2023\/10\/1-819x1024.png\" alt=\"\" class=\"wp-image-23\" style=\"aspect-ratio:0.7998046875;width:359px;height:auto\" srcset=\"https:\/\/jemerecycle.fr\/wp-content\/uploads\/2023\/10\/1-819x1024.png 819w, https:\/\/jemerecycle.fr\/wp-content\/uploads\/2023\/10\/1-240x300.png 240w, https:\/\/jemerecycle.fr\/wp-content\/uploads\/2023\/10\/1-768x960.png 768w, https:\/\/jemerecycle.fr\/wp-content\/uploads\/2023\/10\/1-48x60.png 48w, https:\/\/jemerecycle.fr\/wp-content\/uploads\/2023\/10\/1.png 1080w\" sizes=\"auto, (max-width: 819px) 100vw, 819px\" \/><\/a><\/figure>\n<\/div>\n\n\n<p><em>Meuf Green est \u00e9dit\u00e9 par Editions Jouvence et disponible en librairie. <\/em><\/p>\n<\/div>\n<\/div>\n","protected":false},"excerpt":{"rendered":"<p>Bienvenue dans ta safe place pour une vie plus consciente Et si entre nos mains on avait le plus grand des pouvoirs ? Celui d&#8217;impacter le monde en changeant simplement notre fa\u00e7on de consommer. Avec une consommation plus consciente et raisonn\u00e9e, meilleure pour nous, meilleure pour l&#8217;environnement. Je m&#8217;appelle Deborah (Debby pour les amis) et &hellip; <\/p>\n","protected":false},"author":1,"featured_media":0,"parent":0,"menu_order":0,"comment_status":"closed","ping_status":"closed","template":"","meta":{"footnotes":""},"class_list":["post-6","page","type-page","status-publish","hentry"],"_links":{"self":[{"href":"https:\/\/jemerecycle.fr\/index.php\/wp-json\/wp\/v2\/pages\/6","targetHints":{"allow":["GET"]}}],"collection":[{"href":"https:\/\/jemerecycle.fr\/index.php\/wp-json\/wp\/v2\/pages"}],"about":[{"href":"https:\/\/jemerecycle.fr\/index.php\/wp-json\/wp\/v2\/types\/page"}],"author":[{"embeddable":true,"href":"https:\/\/jemerecycle.fr\/index.php\/wp-json\/wp\/v2\/users\/1"}],"replies":[{"embeddable":true,"href":"https:\/\/jemerecycle.fr\/index.php\/wp-json\/wp\/v2\/comments?post=6"}],"version-history":[{"count":11,"href":"https:\/\/jemerecycle.fr\/index.php\/wp-json\/wp\/v2\/pages\/6\/revisions"}],"predecessor-version":[{"id":40,"href":"https:\/\/jemerecycle.fr\/index.php\/wp-json\/wp\/v2\/pages\/6\/revisions\/40"}],"wp:attachment":[{"href":"https:\/\/jemerecycle.fr\/index.php\/wp-json\/wp\/v2\/media?parent=6"}],"curies":[{"name":"wp","href":"https:\/\/api.w.org\/{rel}","templated":true}]}}